{"id":8922,"date":"2023-12-05T11:38:56","date_gmt":"2023-12-05T10:38:56","guid":{"rendered":"https:\/\/www.elenarurua.com\/?post_type=product&#038;p=8922"},"modified":"2025-06-11T14:46:45","modified_gmt":"2025-06-11T12:46:45","slug":"gutschein","status":"publish","type":"product","link":"https:\/\/www.elenarurua.com\/en\/product\/gutschein\/","title":{"rendered":"Gutschein"},"content":{"rendered":"<p>G\u00dcLTIGKEIT 1 JAHR<\/p>\n<p>F\u00fcr die n\u00e4chsten 6 Tagen biete ich den besten Preis f\u00fcr Ihr Traumhaus an!<\/p>\n<p>&nbsp;<\/p>\n<p><strong>Ich schaffe ein individuelles Zuhause, das nicht nur funktional und \u00e4sthetisch ansprechend ist, sondern auch Ihren Bed\u00fcrfnissen gerecht wird.<\/strong><\/p>\n<p>&nbsp;<\/p>\n<p>&nbsp;<\/p>","protected":false},"excerpt":{"rendered":"<p>G\u00dcLTIGKEIT 1 JAHR F\u00fcr die n\u00e4chsten 6 Tagen biete ich den besten Preis f\u00fcr Ihr Traumhaus an! &nbsp; Ich schaffe ein individuelles Zuhause, das nicht nur funktional und \u00e4sthetisch ansprechend ist, sondern auch Ihren Bed\u00fcrfnissen gerecht wird. &nbsp; &nbsp;<\/p>","protected":false},"featured_media":8927,"comment_status":"open","ping_status":"closed","template":"","meta":[],"product_brand":[],"product_cat":[254],"product_tag":[],"class_list":{"0":"post-8922","1":"product","2":"type-product","3":"status-publish","4":"has-post-thumbnail","6":"product_cat-gutschein","8":"first","9":"instock","10":"sale","11":"downloadable","12":"virtual","13":"taxable","14":"purchasable","15":"product-type-simple"},"_links":{"self":[{"href":"https:\/\/www.elenarurua.com\/en\/wp-json\/wp\/v2\/product\/8922","targetHints":{"allow":["GET"]}}],"collection":[{"href":"https:\/\/www.elenarurua.com\/en\/wp-json\/wp\/v2\/product"}],"about":[{"href":"https:\/\/www.elenarurua.com\/en\/wp-json\/wp\/v2\/types\/product"}],"replies":[{"embeddable":true,"href":"https:\/\/www.elenarurua.com\/en\/wp-json\/wp\/v2\/comments?post=8922"}],"wp:featuredmedia":[{"embeddable":true,"href":"https:\/\/www.elenarurua.com\/en\/wp-json\/wp\/v2\/media\/8927"}],"wp:attachment":[{"href":"https:\/\/www.elenarurua.com\/en\/wp-json\/wp\/v2\/media?parent=8922"}],"wp:term":[{"taxonomy":"product_brand","embeddable":true,"href":"https:\/\/www.elenarurua.com\/en\/wp-json\/wp\/v2\/product_brand?post=8922"},{"taxonomy":"product_cat","embeddable":true,"href":"https:\/\/www.elenarurua.com\/en\/wp-json\/wp\/v2\/product_cat?post=8922"},{"taxonomy":"product_tag","embeddable":true,"href":"https:\/\/www.elenarurua.com\/en\/wp-json\/wp\/v2\/product_tag?post=8922"}],"curies":[{"name":"wp","href":"https:\/\/api.w.org\/{rel}","templated":true}]}}