{"id":8117,"date":"2021-12-01T11:29:24","date_gmt":"2021-12-01T10:29:24","guid":{"rendered":"https:\/\/www.elenarurua.com\/?page_id=8117"},"modified":"2022-06-09T20:28:24","modified_gmt":"2022-06-09T18:28:24","slug":"augmented-reality","status":"publish","type":"page","link":"https:\/\/www.elenarurua.com\/en\/augmented-reality\/","title":{"rendered":"Augmented Reality"},"content":{"rendered":"<h4>Photorealistische Augmented Reality<\/h4>\n\n<p>&nbsp;<\/p>\n<p>Augmented Reality ist eine der hei\u00dfesten Trends im digitalen Business.\u00a0 Es erm\u00f6glicht Verbrauchern, Kleidung und Make-up virtuell anzuprobieren, M\u00f6bel in ihren H\u00e4usern zu visualisieren, sich auf Snapchat in Hunde zu verwandeln und sogar Facebook-Anzeigen anzusehen.<\/p>\n<p>Vereinbaren Sie Ihren Termin unter &#8211; <a href=\"mailto:office@elenarurua.com\"><i>office@elenarurua.com<\/i><\/a><\/p>\n<p>&nbsp;<\/p>","protected":false},"excerpt":{"rendered":"<p>Photorealistische Augmented Reality &nbsp; Augmented Reality ist eine der hei\u00dfesten Trends im digitalen Business.\u00a0 Es erm\u00f6glicht Verbrauchern, Kleidung und Make-up virtuell anzuprobieren, M\u00f6bel in ihren H\u00e4usern zu visualisieren, sich auf Snapchat in Hunde zu verwandeln und sogar Facebook-Anzeigen anzusehen. Vereinbaren Sie Ihren Termin unter &#8211; office@elenarurua.com &nbsp;<\/p>","protected":false},"author":1,"featured_media":0,"parent":0,"menu_order":0,"comment_status":"closed","ping_status":"closed","template":"","meta":{"footnotes":""},"class_list":["post-8117","page","type-page","status-publish","hentry"],"_links":{"self":[{"href":"https:\/\/www.elenarurua.com\/en\/wp-json\/wp\/v2\/pages\/8117","targetHints":{"allow":["GET"]}}],"collection":[{"href":"https:\/\/www.elenarurua.com\/en\/wp-json\/wp\/v2\/pages"}],"about":[{"href":"https:\/\/www.elenarurua.com\/en\/wp-json\/wp\/v2\/types\/page"}],"author":[{"embeddable":true,"href":"https:\/\/www.elenarurua.com\/en\/wp-json\/wp\/v2\/users\/1"}],"replies":[{"embeddable":true,"href":"https:\/\/www.elenarurua.com\/en\/wp-json\/wp\/v2\/comments?post=8117"}],"version-history":[{"count":10,"href":"https:\/\/www.elenarurua.com\/en\/wp-json\/wp\/v2\/pages\/8117\/revisions"}],"predecessor-version":[{"id":8436,"href":"https:\/\/www.elenarurua.com\/en\/wp-json\/wp\/v2\/pages\/8117\/revisions\/8436"}],"wp:attachment":[{"href":"https:\/\/www.elenarurua.com\/en\/wp-json\/wp\/v2\/media?parent=8117"}],"curies":[{"name":"wp","href":"https:\/\/api.w.org\/{rel}","templated":true}]}}