{"id":6701,"date":"2019-05-19T15:54:08","date_gmt":"2019-05-19T13:54:08","guid":{"rendered":"https:\/\/www.elenarurua.com\/?page_id=6701"},"modified":"2024-02-19T13:28:05","modified_gmt":"2024-02-19T12:28:05","slug":"produkt-design","status":"publish","type":"page","link":"https:\/\/www.elenarurua.com\/en\/produkt-design\/","title":{"rendered":"Product Design"},"content":{"rendered":"<h3>Conception and design<\/h3>\r\n<hr \/>\r\n<p>&nbsp;<\/p>\r\n<p><strong>Von der ersten Skizze bis zum marktreifen Produkt<\/strong><\/p>\r\n<p><strong>Konzeption und Entwurf:<\/strong> Ihre Vision ist unser Ausgangspunkt. Gemeinsam entwickeln wir innovative Konzepte, die nicht nur funktional, sondern auch visuell ansprechend sind. Unsere Entw\u00fcrfe spiegeln Ihre Markenidentit\u00e4t wider und sprechen direkt Ihre Zielgruppe an.<\/p>\r\n<p><strong>CAD und 3D Zeichnungen:<\/strong> Mit modernster Technologie und tiefem technischen Verst\u00e4ndnis erstellen wir pr\u00e4zise CAD-Modelle und 3D-Zeichnungen. Diese erm\u00f6glichen es uns, jedes Detail Ihres Produkts genau zu planen und zu visualisieren, um eine optimale Funktionalit\u00e4t und \u00c4sthetik zu gew\u00e4hrleisten.<\/p>\r\n<p><strong>Detaillierung der Form und Oberfl\u00e4chen:<\/strong> Die Perfektion eines Produkts liegt im Detail. Wir legen gro\u00dfen Wert auf die Feinabstimmung von Formen und Oberfl\u00e4chen, w\u00e4hlen die besten Materialien aus und sorgen f\u00fcr ein Finish, das h\u00f6chsten Qualit\u00e4tsstandards entspricht.<\/p>\r\n<p><strong>Produktentwicklung:<\/strong> Unser integrierter Ansatz umfasst alle Phasen der Produktentwicklung. Von der Idee \u00fcber die Prototypenentwicklung bis hin zur Fertigung begleiten wir Sie, um sicherzustellen, dass das Endprodukt genau Ihren Vorstellungen entspricht.<\/p>\r\n<p><strong>Produktvisualisierung und Pr\u00e4sentation:<\/strong> Beeindruckende Renderings und dynamische Videoanimationen bieten einen realistischen Einblick in das fertige Produkt, lange bevor die Produktion beginnt. Diese Visualisierungen sind entscheidend f\u00fcr die Pr\u00e4sentation Ihres Produkts gegen\u00fcber Investoren, Stakeholdern und Kunden.<\/p>\r\n<p><strong>Warum wir?<\/strong><\/p>\r\n<ul>\r\n<li><strong>Individuelle Beratung:<\/strong> Wir arbeiten eng mit Ihnen zusammen, um ma\u00dfgeschneiderte L\u00f6sungen zu entwickeln, die Ihre spezifischen Anforderungen erf\u00fcllen.<\/li>\r\n<li><strong>Innovative L\u00f6sungen:<\/strong> Unsere Designs setzen neue Ma\u00dfst\u00e4be in Ihrer Branche und helfen Ihnen, sich von der Konkurrenz abzuheben.<\/li>\r\n<li><strong>Technische Pr\u00e4zision:<\/strong> Unsere Expertise garantiert eine fehlerfreie Umsetzung und eine reibungslose Produktion.<\/li>\r\n<\/ul>\r\n<p><strong>Lassen Sie uns gemeinsam Gro\u00dfes schaffen<\/strong> Ihr n\u00e4chstes Produkt k\u00f6nnte der Beginn einer neuen Erfolgsgeschichte sein. Kontaktieren Sie uns heute, um eine pers\u00f6nliche Beratung zu vereinbaren. Entdecken Sie, wie wir Ihre Produktvision in die Realit\u00e4t umsetzen kann. Wir freuen uns darauf, von Ihnen zu h\u00f6ren und gemeinsam innovative L\u00f6sungen zu entwickeln.<\/p>\r\n<p>Vereinbaren Sie Ihren Termin unter &#8211; <a href=\"mailto:office@elenarurua.com\"><i>office@elenarurua.com<\/i><\/a><\/p>\r\n<p style=\"text-align: center;\"><em>\u00a0<\/em><\/p>\r\n<hr \/>\r\n<p>&nbsp;<\/p>\r\n<h2>Zum Portfolio<\/h2>\r\n<p><a role=\"button\" href=\"https:\/\/www.elenarurua.com\/en\/portfolio\/\" target=\"_self\" rel=\"noopener\"> Explore <\/a><\/p>","protected":false},"excerpt":{"rendered":"<p>Konzeption und Entwurf &nbsp; Von der ersten Skizze bis zum marktreifen Produkt Konzeption und Entwurf: Ihre Vision ist unser Ausgangspunkt. Gemeinsam entwickeln wir innovative Konzepte, die nicht nur funktional, sondern auch visuell ansprechend sind. Unsere Entw\u00fcrfe spiegeln Ihre Markenidentit\u00e4t wider und sprechen direkt Ihre Zielgruppe an. CAD und 3D Zeichnungen: [&hellip;]<\/p>\n","protected":false},"author":1,"featured_media":6594,"parent":0,"menu_order":0,"comment_status":"closed","ping_status":"closed","template":"","meta":{"footnotes":""},"class_list":["post-6701","page","type-page","status-publish","has-post-thumbnail","hentry"],"_links":{"self":[{"href":"https:\/\/www.elenarurua.com\/en\/wp-json\/wp\/v2\/pages\/6701","targetHints":{"allow":["GET"]}}],"collection":[{"href":"https:\/\/www.elenarurua.com\/en\/wp-json\/wp\/v2\/pages"}],"about":[{"href":"https:\/\/www.elenarurua.com\/en\/wp-json\/wp\/v2\/types\/page"}],"author":[{"embeddable":true,"href":"https:\/\/www.elenarurua.com\/en\/wp-json\/wp\/v2\/users\/1"}],"replies":[{"embeddable":true,"href":"https:\/\/www.elenarurua.com\/en\/wp-json\/wp\/v2\/comments?post=6701"}],"version-history":[{"count":3,"href":"https:\/\/www.elenarurua.com\/en\/wp-json\/wp\/v2\/pages\/6701\/revisions"}],"predecessor-version":[{"id":8979,"href":"https:\/\/www.elenarurua.com\/en\/wp-json\/wp\/v2\/pages\/6701\/revisions\/8979"}],"wp:featuredmedia":[{"embeddable":true,"href":"https:\/\/www.elenarurua.com\/en\/wp-json\/wp\/v2\/media\/6594"}],"wp:attachment":[{"href":"https:\/\/www.elenarurua.com\/en\/wp-json\/wp\/v2\/media?parent=6701"}],"curies":[{"name":"wp","href":"https:\/\/api.w.org\/{rel}","templated":true}]}}