{"id":6695,"date":"2019-05-19T15:48:36","date_gmt":"2019-05-19T13:48:36","guid":{"rendered":"https:\/\/www.elenarurua.com\/?page_id=6695"},"modified":"2024-02-19T13:18:05","modified_gmt":"2024-02-19T12:18:05","slug":"innenarchitektur","status":"publish","type":"page","link":"https:\/\/www.elenarurua.com\/en\/innenarchitektur\/","title":{"rendered":"Interior Design"},"content":{"rendered":"<h3 style=\"text-align: center;\">Interior Design<\/h3>\r\n<hr \/>\r\n<p><img loading=\"lazy\" decoding=\"async\" class=\"size-full wp-image-8904\" src=\"https:\/\/www.elenarurua.com\/wp-content\/uploads\/2023\/11\/Raumausmessen.jpg\" alt=\"Grundriss, Grundrissoptimierung\" width=\"1920\" height=\"1280\" srcset=\"https:\/\/www.elenarurua.com\/wp-content\/uploads\/2023\/11\/Raumausmessen.jpg 1920w, https:\/\/www.elenarurua.com\/wp-content\/uploads\/2023\/11\/Raumausmessen-300x200.jpg 300w, https:\/\/www.elenarurua.com\/wp-content\/uploads\/2023\/11\/Raumausmessen-1024x683.jpg 1024w, https:\/\/www.elenarurua.com\/wp-content\/uploads\/2023\/11\/Raumausmessen-768x512.jpg 768w, https:\/\/www.elenarurua.com\/wp-content\/uploads\/2023\/11\/Raumausmessen-1536x1024.jpg 1536w, https:\/\/www.elenarurua.com\/wp-content\/uploads\/2023\/11\/Raumausmessen-18x12.jpg 18w, https:\/\/www.elenarurua.com\/wp-content\/uploads\/2023\/11\/Raumausmessen-1000x667.jpg 1000w, https:\/\/www.elenarurua.com\/wp-content\/uploads\/2023\/11\/Raumausmessen-1800x1200.jpg 1800w, https:\/\/www.elenarurua.com\/wp-content\/uploads\/2023\/11\/Raumausmessen-600x400.jpg 600w, https:\/\/www.elenarurua.com\/wp-content\/uploads\/2023\/11\/Raumausmessen-840x560.jpg 840w\" sizes=\"auto, (max-width: 1920px) 100vw, 1920px\" \/><\/p>\r\n<p>&nbsp;<\/p>\r\n<h3 style=\"text-align: center;\"><strong>Entdecken Sie mit uns die Essenz italienischen Designs<\/strong><\/h3>\r\n<p style=\"text-align: center;\">\u00a0<\/p>\r\n<p style=\"text-align: center;\">Stellen Sie sich vor, Sie betreten R\u00e4ume, die nicht nur Wohnfl\u00e4chen sind, sondern ein Spiegelbild Ihrer Pers\u00f6nlichkeit und W\u00fcnsche. Bei uns verwandeln wir diesen Traum in Realit\u00e4t. Unsere Mission ist es, au\u00dfergew\u00f6hnliche Innenraumkonzepte zu schaffen, die Ihre Erwartungen nicht nur erf\u00fcllen, sondern weit \u00fcbertreffen. Mit einer perfekten Balance aus Funktion und \u00c4sthetik bieten wir einen Service, der den Rahmen traditioneller Innenarchitektur sprengt.<\/p>\r\n<p style=\"text-align: center;\"><strong>Ma\u00dfgeschneiderte Innenarchitektur &amp; Planung<\/strong><br \/>Unser ganzheitlicher Ansatz beginnt mit einer pers\u00f6nlichen Beratung, um Ihre individuellen Bed\u00fcrfnisse und Visionen zu verstehen. Durch die Kombination aus technischer Pr\u00e4zision in der Planung und einem feinen Gesp\u00fcr f\u00fcr Design entstehen R\u00e4ume, die sowohl inspirieren als auch Komfort bieten.<\/p>\r\n<p style=\"text-align: center;\"><strong>Exklusive Einladung nach Mailand<\/strong><br \/>Als Highlight unseres Services laden wir Sie zu einer unvergleichlichen Reise nach Italien ein, wo wir gemeinsam unseren 200m\u00b2 gro\u00dfen Showroom in Mailand besuchen. Dies gibt Ihnen die M\u00f6glichkeit, aus einer exquisiten Auswahl an Designerm\u00f6beln und Materialien zu w\u00e4hlen, unterst\u00fctzt durch meine fachkundige Beratung. Erleben Sie die Qualit\u00e4t und das Design italienischer Handwerkskunst aus n\u00e4chster N\u00e4he und treffen Sie Entscheidungen, die Ihr Zuhause in ein Meisterwerk verwandeln werden.<\/p>\r\n<p style=\"text-align: center;\"><strong>Ihre Vorteile auf einen Blick:<\/strong><br \/>&#8211; Pers\u00f6nliche und individuelle Beratung von der Konzeption bis zur Realisierung<br \/>&#8211; Exklusiver Zugang zu hochwertigen Designerm\u00f6beln aus Italien<br \/>&#8211; Einzigartige M\u00f6glichkeit, unseren Partner-Showroom in Mailand zu besuchen<br \/>&#8211; Unterst\u00fctzung bei der Auswahl und Planung durch eine Expertin f\u00fcr Innenarchitektur<br \/>&#8211; Spezielle Konditionen f\u00fcr unsere Kunden auf Designerm\u00f6bel aus Italien<\/p>\r\n<p style=\"text-align: center;\"><strong>Beginnen Sie Ihre Designreise heute<\/strong><br \/>Nutzen Sie diese seltene Gelegenheit, Ihr Zuhause mit unvergleichlichem italienischen Flair zu bereichern. Kontaktieren Sie uns jetzt, um Ihre pers\u00f6nliche Beratung zu vereinbaren und den ersten Schritt zu einem Zuhause zu machen, das Ihre Pers\u00f6nlichkeit in jedem Detail widerspiegelt.<\/p>\r\n<p style=\"text-align: center;\">\u00a0<\/p>\r\n<p style=\"text-align: center;\">\u00a0<\/p>\r\n<p style=\"text-align: center;\">Vereinbaren Sie Ihren Termin unter &#8211; <i><a href=\"mailto:office@elenarurua.com\">office@elenarurua.com<\/a> oder rufen Sie uns an unter: +43 699 104 75 192<\/i><\/p>\r\n<p>&nbsp;<\/p>\r\n<p>&nbsp;<\/p>\r\n<hr \/>\r\n<p>&nbsp;<\/p>\r\n<h3><a href=\"https:\/\/www.elenarurua.com\/en\/portfolio\/\">Zum Portfolio<\/a><\/h3>","protected":false},"excerpt":{"rendered":"<p>Innenraumgestaltung &nbsp; Entdecken Sie mit uns die Essenz italienischen Designs \u00a0 Stellen Sie sich vor, Sie betreten R\u00e4ume, die nicht nur Wohnfl\u00e4chen sind, sondern ein Spiegelbild Ihrer Pers\u00f6nlichkeit und W\u00fcnsche. Bei uns verwandeln wir diesen Traum in Realit\u00e4t. Unsere Mission ist es, au\u00dfergew\u00f6hnliche Innenraumkonzepte zu schaffen, die Ihre Erwartungen nicht [&hellip;]<\/p>\n","protected":false},"author":1,"featured_media":8070,"parent":0,"menu_order":0,"comment_status":"closed","ping_status":"closed","template":"","meta":{"footnotes":""},"class_list":["post-6695","page","type-page","status-publish","has-post-thumbnail","hentry"],"_links":{"self":[{"href":"https:\/\/www.elenarurua.com\/en\/wp-json\/wp\/v2\/pages\/6695","targetHints":{"allow":["GET"]}}],"collection":[{"href":"https:\/\/www.elenarurua.com\/en\/wp-json\/wp\/v2\/pages"}],"about":[{"href":"https:\/\/www.elenarurua.com\/en\/wp-json\/wp\/v2\/types\/page"}],"author":[{"embeddable":true,"href":"https:\/\/www.elenarurua.com\/en\/wp-json\/wp\/v2\/users\/1"}],"replies":[{"embeddable":true,"href":"https:\/\/www.elenarurua.com\/en\/wp-json\/wp\/v2\/comments?post=6695"}],"version-history":[{"count":5,"href":"https:\/\/www.elenarurua.com\/en\/wp-json\/wp\/v2\/pages\/6695\/revisions"}],"predecessor-version":[{"id":8972,"href":"https:\/\/www.elenarurua.com\/en\/wp-json\/wp\/v2\/pages\/6695\/revisions\/8972"}],"wp:featuredmedia":[{"embeddable":true,"href":"https:\/\/www.elenarurua.com\/en\/wp-json\/wp\/v2\/media\/8070"}],"wp:attachment":[{"href":"https:\/\/www.elenarurua.com\/en\/wp-json\/wp\/v2\/media?parent=6695"}],"curies":[{"name":"wp","href":"https:\/\/api.w.org\/{rel}","templated":true}]}}