{"id":6667,"date":"2019-05-18T14:40:38","date_gmt":"2019-05-18T12:40:38","guid":{"rendered":"https:\/\/www.elenarurua.com\/?page_id=6667"},"modified":"2024-02-19T15:40:41","modified_gmt":"2024-02-19T14:40:41","slug":"3d-visualisierung","status":"publish","type":"page","link":"https:\/\/www.elenarurua.com\/en\/3d-visualisierung\/","title":{"rendered":"3d Visualisierung"},"content":{"rendered":"\r\n<h3 style=\"text-align: center;\"><strong>Ihr ma\u00dfgeschneiderter Weg zu atemberaubenden 3D-Visualisierungen<\/strong><\/h3>\r\n<hr \/>\r\n<p>&nbsp;<\/p>\r\n<ol>\r\n<li style=\"text-align: left;\"><strong>Schritt: Gemeinsame Visionsschaffung<\/strong> Ihre Vision steht im Mittelpunkt: Gemeinsam erwecken wir Ihre Ideen zum Leben. Von der ersten Kontaktaufnahme bis zur detaillierten Planung &#8211; unser Prozess beginnt mit dem Verstehen Ihrer einzigartigen Bed\u00fcrfnisse und Ziele. <strong>Lassen Sie uns gemeinsam tr\u00e4umen<\/strong> und einen pr\u00e4zisen Fahrplan erstellen, der Ihre Erwartungen nicht nur erf\u00fcllt, sondern \u00fcbertrifft. Mit jedem Detail, das Sie bereitstellen, formen wir die Grundlage f\u00fcr eine Visualisierung, die genau auf Ihre Zielgruppe zugeschnitten ist.<\/li>\r\n<li style=\"text-align: left;\"><strong>Schritt 2: Perfektion in der Modellierung<\/strong> Hier beginnt die Magie: Wir modellieren Ihr Projekt in 3D und pr\u00e4sentieren Ihnen eine Auswahl an Perspektiven. Diese entscheidende Phase ist Ihre Gelegenheit, <strong>tief in die Gestaltung einzutauchen<\/strong>. Ihre R\u00fcckmeldungen sind unser Goldstandard, um die Perspektive zu perfektionieren, die Ihre Vision am besten einf\u00e4ngt. Ihre aktive Beteiligung ist der Schl\u00fcssel, um Ihre Vision mit unserer Expertise zu vereinen.<\/li>\r\n<li style=\"text-align: left;\"><strong>Schritt 3: Interaktive Previews und Feinabstimmung<\/strong> Erhalten Sie einen ersten, faszinierenden Einblick durch unsere fotorealistischen Previews. Diese visuellen Meisterwerke bieten eine solide Basis f\u00fcr Feedback und Anpassungen, <strong>um Ihre Vision weiter zu verfeinern<\/strong>. Nutzen Sie die M\u00f6glichkeit, bis zu zwei Korrekturrunden zu nutzen, die sicherstellen, dass das Endergebnis genau Ihren Vorstellungen entspricht. Jede Anpassung bringt uns Ihrem Idealbild einen Schritt n\u00e4her.<\/li>\r\n<li style=\"text-align: left;\"><strong>Schritt 4: Die Vollendung Ihrer Vision<\/strong> Die finale Visualisierung in hoher Aufl\u00f6sung markiert den H\u00f6hepunkt unserer gemeinsamen Reise. <strong>Erleben Sie die Kraft der Perfektion<\/strong>, wenn wir Ihnen das Endprodukt pr\u00e4sentieren \u2013 eine Visualisierung, die nicht nur Ihre Erwartungen erf\u00fcllt, sondern die Grenzen des M\u00f6glichen neu definiert.<\/li>\r\n<li style=\"text-align: left;\"><strong>Unser Versprechen: Fachwissen trifft auf Kreativit\u00e4t<\/strong> Als Architektin und Expertin f\u00fcr Innenarchitektur verstehe ich tiefgr\u00fcndig, was es braucht, um Ihre Projekte zum Strahlen zu bringen. <strong>Ihr Erfolg ist unser Antrieb<\/strong>. Wir bieten nicht nur eine Dienstleistung; wir bieten eine Partnerschaft, die auf Vertrauen, gegenseitigem Verst\u00e4ndnis und dem unerm\u00fcdlichen Streben nach Exzellenz basiert.<\/li>\r\n<li style=\"text-align: left;\"><strong>Beginnen Sie jetzt Ihre Reise<\/strong> Warten Sie nicht l\u00e4nger, um Ihre Projekte in beeindruckende Realit\u00e4ten zu verwandeln.<\/li>\r\n<\/ol>\r\n<p>&nbsp;<\/p>\r\n<p><strong>\u00a0 \u00a0Kontaktieren Sie uns heute<\/strong> und entdecken Sie, wie [Ihr Firmenname] Ihr n\u00e4chstes Projekt nicht nur visualisiert, sondern eine Geschichte erz\u00e4hlt, die in Erinnerung bleibt<\/p>\r\n<p><strong>Vereinbaren Sie Ihren Termin unter<\/strong> &#8211; <strong><a href=\"mailto:office@elenarurua.com\"><em>office<\/em><\/a><\/strong><em><strong>@elenarurua.com<\/strong> ODER rufen Sie uns an unter: +<strong>43 69910475192<\/strong><\/em><\/p>\r\n<hr \/>\r\n<h3><a href=\"https:\/\/www.elenarurua.com\/portfolio\/\">Zum Portfolio<\/a> \u00a0<\/h3>\r\n","protected":false},"excerpt":{"rendered":"<p>Ihr ma\u00dfgeschneiderter Weg zu atemberaubenden 3D-Visualisierungen &nbsp; Schritt: Gemeinsame Visionsschaffung Ihre Vision steht im Mittelpunkt: Gemeinsam erwecken wir Ihre Ideen zum Leben. Von der ersten Kontaktaufnahme bis zur detaillierten Planung &#8211; unser Prozess beginnt mit dem Verstehen Ihrer einzigartigen Bed\u00fcrfnisse und Ziele. Lassen Sie uns gemeinsam tr\u00e4umen und einen pr\u00e4zisen [&hellip;]<\/p>\n","protected":false},"author":1,"featured_media":8481,"parent":0,"menu_order":0,"comment_status":"closed","ping_status":"closed","template":"","meta":{"footnotes":""},"class_list":["post-6667","page","type-page","status-publish","has-post-thumbnail","hentry"],"_links":{"self":[{"href":"https:\/\/www.elenarurua.com\/en\/wp-json\/wp\/v2\/pages\/6667","targetHints":{"allow":["GET"]}}],"collection":[{"href":"https:\/\/www.elenarurua.com\/en\/wp-json\/wp\/v2\/pages"}],"about":[{"href":"https:\/\/www.elenarurua.com\/en\/wp-json\/wp\/v2\/types\/page"}],"author":[{"embeddable":true,"href":"https:\/\/www.elenarurua.com\/en\/wp-json\/wp\/v2\/users\/1"}],"replies":[{"embeddable":true,"href":"https:\/\/www.elenarurua.com\/en\/wp-json\/wp\/v2\/comments?post=6667"}],"version-history":[{"count":19,"href":"https:\/\/www.elenarurua.com\/en\/wp-json\/wp\/v2\/pages\/6667\/revisions"}],"predecessor-version":[{"id":8986,"href":"https:\/\/www.elenarurua.com\/en\/wp-json\/wp\/v2\/pages\/6667\/revisions\/8986"}],"wp:featuredmedia":[{"embeddable":true,"href":"https:\/\/www.elenarurua.com\/en\/wp-json\/wp\/v2\/media\/8481"}],"wp:attachment":[{"href":"https:\/\/www.elenarurua.com\/en\/wp-json\/wp\/v2\/media?parent=6667"}],"curies":[{"name":"wp","href":"https:\/\/api.w.org\/{rel}","templated":true}]}}