{"id":4491,"date":"2009-09-08T16:33:06","date_gmt":"2009-09-08T16:33:06","guid":{"rendered":"http:\/\/wpzoom.com\/magnet\/demo\/?page_id=2"},"modified":"2022-06-29T16:39:46","modified_gmt":"2022-06-29T14:39:46","slug":"about","status":"publish","type":"page","link":"https:\/\/www.elenarurua.com\/en\/about\/","title":{"rendered":"About"},"content":{"rendered":"<hr \/>\r\n<div class=\"t pg-1m0 pg-1x0 pg-1h3 pg-1y1a pg-1ff1 pg-1fs0 pg-1fc0 pg-1sc0 pg-1ls0 pg-1ws0\" style=\"text-align: left;\">\r\n<p>Our design studio is located in the 8th district in Vienna. Since 2019, our dedicated design team\nhas been looking after happy customers and helping them turn their living dreams into reality. 3D\nvisualisation, HD rendering and interior design planning are among our specialties. Let our\npassion for interiors and love of colours touch you!<\/p>\r\n<p><strong>Elena Rurua<\/strong><br \/><em>Founder<\/em><\/p>\r\n<p>\u201cSince I was a child, I\u2019ve been drawing over the edge, not to waste an inch. When the ideas I think\ngo through my hands and I write them down, they suddenly take shape and become reality. I am\nall the ideas and words that I have written and illustrated, and they are me. I depict them because\nit\u2019s the only way I can getting know myself.\"\u00a0<\/p>\r\n<p>Elena Rurua\u2019s designs are inspired by an inner passion for stylish creations and the search for\ntimeless aesthetics. The artist convinces with courage to omit and innocent joy of surprises. Her\ndesigns stand for puristic beauty, supported by unconventional ideas and future-oriented,\nenjoyable design of a new era of international life design.<\/p>\r\n<p><strong>Elena Rurua<\/strong>\u00a0\u2019s designs are inspired by an inner passion for stylish creations and the search for\ntimeless aesthetics. The artist convinces with courage to omit and innocent joy of surprises. Her\ndesigns stand for puristic beauty, supported by unconventional ideas and future-oriented,\nenjoyable design of a new era of international life design.<\/p>\r\n<p>Vienna has been the centre of her life since 2015. Here, she learned German and started in the\nlocal industry as an assistant for design and interior design in many projects.<\/p>\r\n<p>In 2019, she founded her own design studio \u201cElena Rurua\u201d. With this, she not only created her\nown business, but she also fulfilled her professional dream of creative freedom and transformed\nher vocation into a profession to which she entirely dedicates herself.<\/p>\r\n<div class=\"ydpf02f16adt ydpf02f16adpg-1m0 ydpf02f16adpg-1x0 ydpf02f16adpg-1h3 ydpf02f16adpg-1y1a ydpf02f16adpg-1ff1 ydpf02f16adpg-1fs0 ydpf02f16adpg-1fc0 ydpf02f16adpg-1sc0 ydpf02f16adpg-1ls0 ydpf02f16adpg-1ws0\">\r\n<p>Elena speaks Italian, Russian, English and German.<\/p>\r\n<\/div>\r\n<\/div>\r\n<p>&nbsp;<\/p>\r\n<div class=\"t pg-1m0 pg-1x0 pg-1h3 pg-1y1a pg-1ff1 pg-1fs0 pg-1fc0 pg-1sc0 pg-1ls0 pg-1ws0\" style=\"text-align: left;\">\r\n<p><span style=\"color: #999999;\"><strong>3D Visualization<\/strong><strong>Wien<\/strong> I <strong>Architekturvisualisierung<\/strong> I<strong><a href=\"https:\/\/www.elenarurua.com\/en\/innenarchitektur\/\"> Interior Design<\/a><\/strong>I<a href=\"https:\/\/www.elenarurua.com\/en\/produkt-design\/\"><strong> Product Design<\/strong><\/a><\/span><\/p>\r\n<\/div>\r\n\r\n<p>&nbsp;<\/p>","protected":false},"excerpt":{"rendered":"<p>Unser Designstudio befindet sich im 8. Bezirk in Wien. Seit 2019 betreut unser engagiertes Design-Team gl\u00fcckliche Kunden und hilft ihnen dabei, ihre Wohntr\u00e4ume in die Realit\u00e4t umzusetzen. 3D-Visualisierung, HD-Rendering und Innenarchitektur Planung geh\u00f6ren zu unseren Spezialgebieten. Lassen Sie sich von unserer Leidenschaft f\u00fcr Innenr\u00e4ume und Liebe zu Farben ber\u00fchren! Elena [&hellip;]<\/p>\n","protected":false},"author":1,"featured_media":8552,"parent":0,"menu_order":0,"comment_status":"closed","ping_status":"closed","template":"","meta":{"footnotes":""},"class_list":["post-4491","page","type-page","status-publish","has-post-thumbnail","hentry"],"_links":{"self":[{"href":"https:\/\/www.elenarurua.com\/en\/wp-json\/wp\/v2\/pages\/4491","targetHints":{"allow":["GET"]}}],"collection":[{"href":"https:\/\/www.elenarurua.com\/en\/wp-json\/wp\/v2\/pages"}],"about":[{"href":"https:\/\/www.elenarurua.com\/en\/wp-json\/wp\/v2\/types\/page"}],"author":[{"embeddable":true,"href":"https:\/\/www.elenarurua.com\/en\/wp-json\/wp\/v2\/users\/1"}],"replies":[{"embeddable":true,"href":"https:\/\/www.elenarurua.com\/en\/wp-json\/wp\/v2\/comments?post=4491"}],"version-history":[{"count":14,"href":"https:\/\/www.elenarurua.com\/en\/wp-json\/wp\/v2\/pages\/4491\/revisions"}],"predecessor-version":[{"id":8546,"href":"https:\/\/www.elenarurua.com\/en\/wp-json\/wp\/v2\/pages\/4491\/revisions\/8546"}],"wp:featuredmedia":[{"embeddable":true,"href":"https:\/\/www.elenarurua.com\/en\/wp-json\/wp\/v2\/media\/8552"}],"wp:attachment":[{"href":"https:\/\/www.elenarurua.com\/en\/wp-json\/wp\/v2\/media?parent=4491"}],"curies":[{"name":"wp","href":"https:\/\/api.w.org\/{rel}","templated":true}]}}